{"id":2350,"date":"2023-10-09T14:02:56","date_gmt":"2023-10-09T14:02:56","guid":{"rendered":"https:\/\/amante.ee\/?page_id=2350"},"modified":"2024-05-28T20:43:09","modified_gmt":"2024-05-28T18:43:09","slug":"teraapiatuba","status":"publish","type":"page","link":"https:\/\/amante.ee\/en\/teraapiatuba\/","title":{"rendered":"Therapy Room"},"content":{"rendered":"<div data-elementor-type=\"wp-page\" data-elementor-id=\"2350\" class=\"elementor elementor-2350\" data-elementor-post-type=\"page\">\n\t\t\t\t<div class=\"elementor-element elementor-element-48837de e-flex e-con-boxed e-con e-parent\" data-id=\"48837de\" data-element_type=\"container\">\n\t\t\t\t\t<div class=\"e-con-inner\">\n\t\t\t\t<div class=\"elementor-element elementor-element-d4fc98f elementor-widget elementor-widget-heading\" data-id=\"d4fc98f\" data-element_type=\"widget\" data-widget_type=\"heading.default\">\n\t\t\t\t<div class=\"elementor-widget-container\">\n\t\t\t\t\t<h1 class=\"elementor-heading-title elementor-size-default\">Therapy Room<\/h1>\t\t\t\t<\/div>\n\t\t\t\t<\/div>\n\t\t\t\t<div class=\"elementor-element elementor-element-519043a elementor-widget elementor-widget-text-editor\" data-id=\"519043a\" data-element_type=\"widget\" data-widget_type=\"text-editor.default\">\n\t\t\t\t<div class=\"elementor-widget-container\">\n\t\t\t\t\t\t\t\t\t<p>We are pleased to offer a cozy and professional therapy room designed to meet your needs. The therapy room is an ideal space for therapists looking to provide their clients with a private and supportive environment.<\/p><p>The room is furnished with comfortable furniture to create a relaxing and warm environment. The therapy room is equipped with all the necessary amenities to help you engage with your clients in the best way possible. The neutral interior design of the room provides a soothing backdrop that suits various therapy forms and styles.<\/p><p>In addition to comfortable conditions, we offer flexible rental terms that allow you to book the room according to your schedule and needs. The therapy room can be rented for both short-term and long-term periods, enabling you to efficiently organize your therapy practice.<\/p><p>We look forward to welcoming you to explore the therapy room and provide the best possible service to your clients here. If you would like more information or wish to reserve the space, please contact us \u2013 we are here to help you develop your therapy practice successfully and offer the best support to your clients.<\/p>\t\t\t\t\t\t\t\t<\/div>\n\t\t\t\t<\/div>\n\t\t\t\t<div class=\"elementor-element elementor-element-c741a39 elementor-widget-divider--view-line elementor-widget elementor-widget-divider\" data-id=\"c741a39\" data-element_type=\"widget\" data-widget_type=\"divider.default\">\n\t\t\t\t<div class=\"elementor-widget-container\">\n\t\t\t\t\t\t\t<div class=\"elementor-divider\">\n\t\t\t<span class=\"elementor-divider-separator\">\n\t\t\t\t\t\t<\/span>\n\t\t<\/div>\n\t\t\t\t\t\t<\/div>\n\t\t\t\t<\/div>\n\t\t<div class=\"elementor-element elementor-element-9ebce61 e-grid e-con-boxed e-con e-child\" data-id=\"9ebce61\" data-element_type=\"container\">\n\t\t\t\t\t<div class=\"e-con-inner\">\n\t\t\t\t<div class=\"elementor-element elementor-element-0289b8e elementor-widget elementor-widget-image\" data-id=\"0289b8e\" data-element_type=\"widget\" data-widget_type=\"image.default\">\n\t\t\t\t<div class=\"elementor-widget-container\">\n\t\t\t\t\t\t\t\t\t\t\t\t\t\t\t<img fetchpriority=\"high\" decoding=\"async\" width=\"768\" height=\"576\" src=\"https:\/\/amante.ee\/wp-content\/uploads\/2023\/07\/teraapiatuba_amantemaja_2-768x576.jpeg\" class=\"attachment-medium_large size-medium_large wp-image-2925\" alt=\"\" srcset=\"https:\/\/amante.ee\/wp-content\/uploads\/2023\/07\/teraapiatuba_amantemaja_2-768x576.jpeg 768w, https:\/\/amante.ee\/wp-content\/uploads\/2023\/07\/teraapiatuba_amantemaja_2-300x225.jpeg 300w, https:\/\/amante.ee\/wp-content\/uploads\/2023\/07\/teraapiatuba_amantemaja_2-1024x768.jpeg 1024w, https:\/\/amante.ee\/wp-content\/uploads\/2023\/07\/teraapiatuba_amantemaja_2-1536x1152.jpeg 1536w, https:\/\/amante.ee\/wp-content\/uploads\/2023\/07\/teraapiatuba_amantemaja_2-16x12.jpeg 16w, https:\/\/amante.ee\/wp-content\/uploads\/2023\/07\/teraapiatuba_amantemaja_2-1320x990.jpeg 1320w, https:\/\/amante.ee\/wp-content\/uploads\/2023\/07\/teraapiatuba_amantemaja_2.jpeg 2048w\" sizes=\"(max-width: 768px) 100vw, 768px\" \/>\t\t\t\t\t\t\t\t\t\t\t\t\t\t\t<\/div>\n\t\t\t\t<\/div>\n\t\t\t\t<div class=\"elementor-element elementor-element-98c1c73 elementor-widget elementor-widget-image\" data-id=\"98c1c73\" data-element_type=\"widget\" data-widget_type=\"image.default\">\n\t\t\t\t<div class=\"elementor-widget-container\">\n\t\t\t\t\t\t\t\t\t\t\t\t\t\t\t<img decoding=\"async\" width=\"768\" height=\"576\" src=\"https:\/\/amante.ee\/wp-content\/uploads\/2023\/07\/teraapiatuba_amantemaja_1-768x576.jpeg\" class=\"attachment-medium_large size-medium_large wp-image-2924\" alt=\"\" srcset=\"https:\/\/amante.ee\/wp-content\/uploads\/2023\/07\/teraapiatuba_amantemaja_1-768x576.jpeg 768w, https:\/\/amante.ee\/wp-content\/uploads\/2023\/07\/teraapiatuba_amantemaja_1-300x225.jpeg 300w, https:\/\/amante.ee\/wp-content\/uploads\/2023\/07\/teraapiatuba_amantemaja_1-1024x768.jpeg 1024w, https:\/\/amante.ee\/wp-content\/uploads\/2023\/07\/teraapiatuba_amantemaja_1-1536x1152.jpeg 1536w, https:\/\/amante.ee\/wp-content\/uploads\/2023\/07\/teraapiatuba_amantemaja_1-16x12.jpeg 16w, https:\/\/amante.ee\/wp-content\/uploads\/2023\/07\/teraapiatuba_amantemaja_1-1320x990.jpeg 1320w, https:\/\/amante.ee\/wp-content\/uploads\/2023\/07\/teraapiatuba_amantemaja_1.jpeg 2048w\" sizes=\"(max-width: 768px) 100vw, 768px\" \/>\t\t\t\t\t\t\t\t\t\t\t\t\t\t\t<\/div>\n\t\t\t\t<\/div>\n\t\t\t\t<div class=\"elementor-element elementor-element-5b574b0 elementor-widget elementor-widget-image\" data-id=\"5b574b0\" data-element_type=\"widget\" data-widget_type=\"image.default\">\n\t\t\t\t<div class=\"elementor-widget-container\">\n\t\t\t\t\t\t\t\t\t\t\t\t\t\t\t<img decoding=\"async\" width=\"768\" height=\"576\" src=\"https:\/\/amante.ee\/wp-content\/uploads\/2023\/07\/teraapiatuba_amanemaja_3-768x576.jpeg\" class=\"attachment-medium_large size-medium_large wp-image-2923\" alt=\"\" srcset=\"https:\/\/amante.ee\/wp-content\/uploads\/2023\/07\/teraapiatuba_amanemaja_3-768x576.jpeg 768w, https:\/\/amante.ee\/wp-content\/uploads\/2023\/07\/teraapiatuba_amanemaja_3-300x225.jpeg 300w, https:\/\/amante.ee\/wp-content\/uploads\/2023\/07\/teraapiatuba_amanemaja_3-1024x768.jpeg 1024w, https:\/\/amante.ee\/wp-content\/uploads\/2023\/07\/teraapiatuba_amanemaja_3-1536x1152.jpeg 1536w, https:\/\/amante.ee\/wp-content\/uploads\/2023\/07\/teraapiatuba_amanemaja_3-16x12.jpeg 16w, https:\/\/amante.ee\/wp-content\/uploads\/2023\/07\/teraapiatuba_amanemaja_3-1320x990.jpeg 1320w, https:\/\/amante.ee\/wp-content\/uploads\/2023\/07\/teraapiatuba_amanemaja_3.jpeg 2048w\" sizes=\"(max-width: 768px) 100vw, 768px\" \/>\t\t\t\t\t\t\t\t\t\t\t\t\t\t\t<\/div>\n\t\t\t\t<\/div>\n\t\t\t\t\t<\/div>\n\t\t\t\t<\/div>\n\t\t\t\t\t<\/div>\n\t\t\t\t<\/div>\n\t\t\t\t<\/div>","protected":false},"excerpt":{"rendered":"<p>Teraapiatuba Meil on hea meel pakkuda hubast ja professionaalset teraapiaruumi, mis on m\u00f5eldud just Sinu vajadustele vastamiseks. Teraapiatuba on ideaalne koht terapeutidele, kes soovivad pakkuda oma klientidele privaatset ja toetavat keskkonda. Tuba on sisustatud mugavate m\u00f6\u00f6bliesemetega, loomaks l\u00f5\u00f5gastava ja sooja keskkonna. Teraapiaruumis on olemas k\u00f5ik vajalikud mugavused ja varustus, mis aitavad sul oma klientidega parimal [&hellip;]<\/p>","protected":false},"author":1,"featured_media":0,"parent":0,"menu_order":3,"comment_status":"closed","ping_status":"closed","template":"elementor_header_footer","meta":{"site-sidebar-layout":"no-sidebar","site-content-layout":"page-builder","ast-site-content-layout":"","site-content-style":"default","site-sidebar-style":"default","ast-global-header-display":"","ast-banner-title-visibility":"","ast-main-header-display":"","ast-hfb-above-header-display":"","ast-hfb-below-header-display":"","ast-hfb-mobile-header-display":"","site-post-title":"disabled","ast-breadcrumbs-content":"","ast-featured-img":"disabled","footer-sml-layout":"","theme-transparent-header-meta":"default","adv-header-id-meta":"","stick-header-meta":"","header-above-stick-meta":"","header-main-stick-meta":"","header-below-stick-meta":"","astra-migrate-meta-layouts":"default","ast-page-background-enabled":"default","ast-page-background-meta":{"desktop":{"background-color":"","background-image":"","background-repeat":"repeat","background-position":"center center","background-size":"auto","background-attachment":"scroll","background-type":"","background-media":"","overlay-type":"","overlay-color":"","overlay-opacity":"","overlay-gradient":""},"tablet":{"background-color":"","background-image":"","background-repeat":"repeat","background-position":"center center","background-size":"auto","background-attachment":"scroll","background-type":"","background-media":"","overlay-type":"","overlay-color":"","overlay-opacity":"","overlay-gradient":""},"mobile":{"background-color":"","background-image":"","background-repeat":"repeat","background-position":"center center","background-size":"auto","background-attachment":"scroll","background-type":"","background-media":"","overlay-type":"","overlay-color":"","overlay-opacity":"","overlay-gradient":""}},"ast-content-background-meta":{"desktop":{"background-color":"var(--ast-global-color-5)","background-image":"","background-repeat":"repeat","background-position":"center center","background-size":"auto","background-attachment":"scroll","background-type":"","background-media":"","overlay-type":"","overlay-color":"","overlay-opacity":"","overlay-gradient":""},"tablet":{"background-color":"var(--ast-global-color-5)","background-image":"","background-repeat":"repeat","background-position":"center center","background-size":"auto","background-attachment":"scroll","background-type":"","background-media":"","overlay-type":"","overlay-color":"","overlay-opacity":"","overlay-gradient":""},"mobile":{"background-color":"var(--ast-global-color-5)","background-image":"","background-repeat":"repeat","background-position":"center center","background-size":"auto","background-attachment":"scroll","background-type":"","background-media":"","overlay-type":"","overlay-color":"","overlay-opacity":"","overlay-gradient":""}},"footnotes":""},"class_list":["post-2350","page","type-page","status-publish","hentry"],"yoast_head":"<!-- This site is optimized with the Yoast SEO plugin v25.9 - https:\/\/yoast.com\/wordpress\/plugins\/seo\/ -->\n<title>Teraapiatuba - Amante maja<\/title>\n<meta name=\"robots\" content=\"index, follow, max-snippet:-1, max-image-preview:large, max-video-preview:-1\" \/>\n<link rel=\"canonical\" href=\"https:\/\/amante.ee\/en\/teraapiatuba\/\" \/>\n<meta property=\"og:locale\" content=\"en_US\" \/>\n<meta property=\"og:type\" content=\"article\" \/>\n<meta property=\"og:title\" content=\"Teraapiatuba - Amante maja\" \/>\n<meta property=\"og:description\" content=\"Teraapiatuba Meil on hea meel pakkuda hubast ja professionaalset teraapiaruumi, mis on m\u00f5eldud just Sinu vajadustele vastamiseks. Teraapiatuba on ideaalne koht terapeutidele, kes soovivad pakkuda oma klientidele privaatset ja toetavat keskkonda. Tuba on sisustatud mugavate m\u00f6\u00f6bliesemetega, loomaks l\u00f5\u00f5gastava ja sooja keskkonna. Teraapiaruumis on olemas k\u00f5ik vajalikud mugavused ja varustus, mis aitavad sul oma klientidega parimal [&hellip;]\" \/>\n<meta property=\"og:url\" content=\"https:\/\/amante.ee\/en\/teraapiatuba\/\" \/>\n<meta property=\"og:site_name\" content=\"Amante maja\" \/>\n<meta property=\"article:modified_time\" content=\"2024-05-28T18:43:09+00:00\" \/>\n<meta property=\"og:image\" content=\"https:\/\/amante.ee\/wp-content\/uploads\/2023\/07\/teraapiatuba_amantemaja_2-768x576.jpeg\" \/>\n<meta name=\"twitter:card\" content=\"summary_large_image\" \/>\n<meta name=\"twitter:label1\" content=\"Est. reading time\" \/>\n\t<meta name=\"twitter:data1\" content=\"2 minutes\" \/>\n<script type=\"application\/ld+json\" class=\"yoast-schema-graph\">{\"@context\":\"https:\/\/schema.org\",\"@graph\":[{\"@type\":\"WebPage\",\"@id\":\"https:\/\/amante.ee\/en\/teraapiatuba\/\",\"url\":\"https:\/\/amante.ee\/en\/teraapiatuba\/\",\"name\":\"Teraapiatuba - Amante maja\",\"isPartOf\":{\"@id\":\"https:\/\/amante.ee\/#website\"},\"primaryImageOfPage\":{\"@id\":\"https:\/\/amante.ee\/en\/teraapiatuba\/#primaryimage\"},\"image\":{\"@id\":\"https:\/\/amante.ee\/en\/teraapiatuba\/#primaryimage\"},\"thumbnailUrl\":\"https:\/\/amante.ee\/wp-content\/uploads\/2023\/07\/teraapiatuba_amantemaja_2-768x576.jpeg\",\"datePublished\":\"2023-10-09T14:02:56+00:00\",\"dateModified\":\"2024-05-28T18:43:09+00:00\",\"breadcrumb\":{\"@id\":\"https:\/\/amante.ee\/en\/teraapiatuba\/#breadcrumb\"},\"inLanguage\":\"en-US\",\"potentialAction\":[{\"@type\":\"ReadAction\",\"target\":[\"https:\/\/amante.ee\/en\/teraapiatuba\/\"]}]},{\"@type\":\"ImageObject\",\"inLanguage\":\"en-US\",\"@id\":\"https:\/\/amante.ee\/en\/teraapiatuba\/#primaryimage\",\"url\":\"https:\/\/amante.ee\/wp-content\/uploads\/2023\/07\/teraapiatuba_amantemaja_2-768x576.jpeg\",\"contentUrl\":\"https:\/\/amante.ee\/wp-content\/uploads\/2023\/07\/teraapiatuba_amantemaja_2-768x576.jpeg\"},{\"@type\":\"BreadcrumbList\",\"@id\":\"https:\/\/amante.ee\/en\/teraapiatuba\/#breadcrumb\",\"itemListElement\":[{\"@type\":\"ListItem\",\"position\":1,\"name\":\"Home\",\"item\":\"https:\/\/amante.ee\/\"},{\"@type\":\"ListItem\",\"position\":2,\"name\":\"Teraapiatuba\"}]},{\"@type\":\"WebSite\",\"@id\":\"https:\/\/amante.ee\/#website\",\"url\":\"https:\/\/amante.ee\/\",\"name\":\"Amante maja\",\"description\":\"M\u00f5nus peatuspaik kehale ja hingele\",\"publisher\":{\"@id\":\"https:\/\/amante.ee\/#organization\"},\"potentialAction\":[{\"@type\":\"SearchAction\",\"target\":{\"@type\":\"EntryPoint\",\"urlTemplate\":\"https:\/\/amante.ee\/?s={search_term_string}\"},\"query-input\":{\"@type\":\"PropertyValueSpecification\",\"valueRequired\":true,\"valueName\":\"search_term_string\"}}],\"inLanguage\":\"en-US\"},{\"@type\":\"Organization\",\"@id\":\"https:\/\/amante.ee\/#organization\",\"name\":\"Amante maja\",\"url\":\"https:\/\/amante.ee\/\",\"logo\":{\"@type\":\"ImageObject\",\"inLanguage\":\"en-US\",\"@id\":\"https:\/\/amante.ee\/#\/schema\/logo\/image\/\",\"url\":\"https:\/\/amante.ee\/wp-content\/uploads\/2023\/06\/cropped-Amante_kiri_1.png\",\"contentUrl\":\"https:\/\/amante.ee\/wp-content\/uploads\/2023\/06\/cropped-Amante_kiri_1.png\",\"width\":393,\"height\":86,\"caption\":\"Amante maja\"},\"image\":{\"@id\":\"https:\/\/amante.ee\/#\/schema\/logo\/image\/\"}}]}<\/script>\n<!-- \/ Yoast SEO plugin. -->","yoast_head_json":{"title":"Teraapiatuba - Amante maja","robots":{"index":"index","follow":"follow","max-snippet":"max-snippet:-1","max-image-preview":"max-image-preview:large","max-video-preview":"max-video-preview:-1"},"canonical":"https:\/\/amante.ee\/en\/teraapiatuba\/","og_locale":"en_US","og_type":"article","og_title":"Teraapiatuba - Amante maja","og_description":"Teraapiatuba Meil on hea meel pakkuda hubast ja professionaalset teraapiaruumi, mis on m\u00f5eldud just Sinu vajadustele vastamiseks. Teraapiatuba on ideaalne koht terapeutidele, kes soovivad pakkuda oma klientidele privaatset ja toetavat keskkonda. Tuba on sisustatud mugavate m\u00f6\u00f6bliesemetega, loomaks l\u00f5\u00f5gastava ja sooja keskkonna. Teraapiaruumis on olemas k\u00f5ik vajalikud mugavused ja varustus, mis aitavad sul oma klientidega parimal [&hellip;]","og_url":"https:\/\/amante.ee\/en\/teraapiatuba\/","og_site_name":"Amante maja","article_modified_time":"2024-05-28T18:43:09+00:00","og_image":[{"url":"https:\/\/amante.ee\/wp-content\/uploads\/2023\/07\/teraapiatuba_amantemaja_2-768x576.jpeg","type":"","width":"","height":""}],"twitter_card":"summary_large_image","twitter_misc":{"Est. reading time":"2 minutes"},"schema":{"@context":"https:\/\/schema.org","@graph":[{"@type":"WebPage","@id":"https:\/\/amante.ee\/en\/teraapiatuba\/","url":"https:\/\/amante.ee\/en\/teraapiatuba\/","name":"Teraapiatuba - Amante maja","isPartOf":{"@id":"https:\/\/amante.ee\/#website"},"primaryImageOfPage":{"@id":"https:\/\/amante.ee\/en\/teraapiatuba\/#primaryimage"},"image":{"@id":"https:\/\/amante.ee\/en\/teraapiatuba\/#primaryimage"},"thumbnailUrl":"https:\/\/amante.ee\/wp-content\/uploads\/2023\/07\/teraapiatuba_amantemaja_2-768x576.jpeg","datePublished":"2023-10-09T14:02:56+00:00","dateModified":"2024-05-28T18:43:09+00:00","breadcrumb":{"@id":"https:\/\/amante.ee\/en\/teraapiatuba\/#breadcrumb"},"inLanguage":"en-US","potentialAction":[{"@type":"ReadAction","target":["https:\/\/amante.ee\/en\/teraapiatuba\/"]}]},{"@type":"ImageObject","inLanguage":"en-US","@id":"https:\/\/amante.ee\/en\/teraapiatuba\/#primaryimage","url":"https:\/\/amante.ee\/wp-content\/uploads\/2023\/07\/teraapiatuba_amantemaja_2-768x576.jpeg","contentUrl":"https:\/\/amante.ee\/wp-content\/uploads\/2023\/07\/teraapiatuba_amantemaja_2-768x576.jpeg"},{"@type":"BreadcrumbList","@id":"https:\/\/amante.ee\/en\/teraapiatuba\/#breadcrumb","itemListElement":[{"@type":"ListItem","position":1,"name":"Home","item":"https:\/\/amante.ee\/"},{"@type":"ListItem","position":2,"name":"Teraapiatuba"}]},{"@type":"WebSite","@id":"https:\/\/amante.ee\/#website","url":"https:\/\/amante.ee\/","name":"Amante maja","description":"M\u00f5nus peatuspaik kehale ja hingele","publisher":{"@id":"https:\/\/amante.ee\/#organization"},"potentialAction":[{"@type":"SearchAction","target":{"@type":"EntryPoint","urlTemplate":"https:\/\/amante.ee\/?s={search_term_string}"},"query-input":{"@type":"PropertyValueSpecification","valueRequired":true,"valueName":"search_term_string"}}],"inLanguage":"en-US"},{"@type":"Organization","@id":"https:\/\/amante.ee\/#organization","name":"Amante maja","url":"https:\/\/amante.ee\/","logo":{"@type":"ImageObject","inLanguage":"en-US","@id":"https:\/\/amante.ee\/#\/schema\/logo\/image\/","url":"https:\/\/amante.ee\/wp-content\/uploads\/2023\/06\/cropped-Amante_kiri_1.png","contentUrl":"https:\/\/amante.ee\/wp-content\/uploads\/2023\/06\/cropped-Amante_kiri_1.png","width":393,"height":86,"caption":"Amante maja"},"image":{"@id":"https:\/\/amante.ee\/#\/schema\/logo\/image\/"}}]}},"_links":{"self":[{"href":"https:\/\/amante.ee\/en\/wp-json\/wp\/v2\/pages\/2350","targetHints":{"allow":["GET"]}}],"collection":[{"href":"https:\/\/amante.ee\/en\/wp-json\/wp\/v2\/pages"}],"about":[{"href":"https:\/\/amante.ee\/en\/wp-json\/wp\/v2\/types\/page"}],"author":[{"embeddable":true,"href":"https:\/\/amante.ee\/en\/wp-json\/wp\/v2\/users\/1"}],"replies":[{"embeddable":true,"href":"https:\/\/amante.ee\/en\/wp-json\/wp\/v2\/comments?post=2350"}],"version-history":[{"count":5,"href":"https:\/\/amante.ee\/en\/wp-json\/wp\/v2\/pages\/2350\/revisions"}],"predecessor-version":[{"id":3219,"href":"https:\/\/amante.ee\/en\/wp-json\/wp\/v2\/pages\/2350\/revisions\/3219"}],"wp:attachment":[{"href":"https:\/\/amante.ee\/en\/wp-json\/wp\/v2\/media?parent=2350"}],"curies":[{"name":"wp","href":"https:\/\/api.w.org\/{rel}","templated":true}]}}